{"id":264,"date":"2019-06-18T08:11:03","date_gmt":"2019-06-18T08:11:03","guid":{"rendered":"https:\/\/susi.100x100.net\/projects\/angrup\/?page_id=264"},"modified":"2019-06-18T08:11:03","modified_gmt":"2019-06-18T08:11:03","slug":"politica-de-privacidad","status":"publish","type":"page","link":"https:\/\/angrup.com\/es\/politica-de-privacidad\/","title":{"rendered":"Pol\u00edtica de privacidad"},"content":{"rendered":"<p>Ante la entrada en vigor del Reglamento (UE) 2016\/679 del Parlamento Europeo y el Consejo de 27 de abril de 2016 relativo a la Protecci\u00f3n de las Personas F\u00edsicas respecto al tratamiento de datos personales y a la libre circulaci\u00f3n de datos y la Ley Org\u00e1nica 15\/1999 de Protecci\u00f3n de Datos de Car\u00e1cter Personal, para poder continuar informando de los productos, promociones y novedades de ANgrup as\u00ed como informaciones de inter\u00e9s y novedades sobre restauraci\u00f3n y gastronom\u00eda, debe darnos su consentimiento marcando el bot\u00f3n de aceptaci\u00f3n.<\/p>\n<p>Le informamos que sus datos de contacto est\u00e1n incorporados en un fichero titularidad de ANgrup con domicilio en Av. Diagonal 405 bis (08008 Barcelona) y no ser\u00e1n cedidas ni comunicadas a terceros para finalidades diferentes para las cuales han sido suministradas, excepto en los supuestos de obligaci\u00f3n legal.<\/p>\n<p>En cualquier momento puede ejercer los derechos de acceso, rectificaci\u00f3n, supresi\u00f3n, limitaci\u00f3n, portabilidad y oposici\u00f3n respecto a sus datos de car\u00e1cter personal previstos en la ley, enviando un escrito acompa\u00f1ado de una fotocopia del documento de identidad a la direcci\u00f3n postal de Angrup.<\/p>\n<p>En el caso de disconformidad en relaci\u00f3n a la tramitaci\u00f3n de sus datos puede presentar una reclamaci\u00f3n ante la Agencia Espa\u00f1ola de Protecci\u00f3n de Datos, organismo que ostenta la autoridad de control en la materia, ubicada en la C\/Jorge Juan, 6 (28001 Madrid).<\/p>\n<p>En el caso de que quisiera darse de baja de las comunicaciones podr\u00e1 realizarlo a trav\u00e9s de cualquiera de las mismas.<\/p>\n<h3><strong>Confidencialidad<\/strong><\/h3>\n<p>AN Grup. se compromete al cumplimiento de su obligaci\u00f3n de secreto de los datos de car\u00e1cter personal y de su deber de guardarlos de forma confidencial y adoptar\u00e1 las medidas necesarias para evitar su alteraci\u00f3n, p\u00e9rdida, tratamiento o acceso no autorizado, habida cuenta en todo momento del estado de la tecnolog\u00eda.<\/p>\n","protected":false},"excerpt":{"rendered":"<p>Ante la entrada en vigor del Reglamento (UE) 2016\/679 del Parlamento Europeo y el Consejo de 27 de abril de 2016 relativo a la Protecci\u00f3n de las Personas F\u00edsicas respecto al tratamiento de datos personales y a la libre circulaci\u00f3n de datos y la Ley Org\u00e1nica 15\/1999 de Protecci\u00f3n de Datos de Car\u00e1cter Personal, para [&hellip;]<\/p>\n","protected":false},"author":1,"featured_media":0,"parent":0,"menu_order":0,"comment_status":"closed","ping_status":"closed","template":"","meta":{"_acf_changed":false,"footnotes":""},"class_list":["post-264","page","type-page","status-publish","hentry"],"acf":[],"yoast_head":"<!-- This site is optimized with the Yoast SEO plugin v27.1.1 - https:\/\/yoast.com\/product\/yoast-seo-wordpress\/ -->\n<title>Pol\u00edtica de privacidad | ANGrup Restaurants<\/title>\n<meta name=\"robots\" content=\"index, follow, max-snippet:-1, max-image-preview:large, max-video-preview:-1\" \/>\n<link rel=\"canonical\" href=\"https:\/\/angrup.com\/es\/politica-de-privacidad\/\" \/>\n<meta property=\"og:locale\" content=\"es_ES\" \/>\n<meta property=\"og:type\" content=\"article\" \/>\n<meta property=\"og:title\" content=\"Pol\u00edtica de privacidad | ANGrup Restaurants\" \/>\n<meta property=\"og:description\" content=\"Ante la entrada en vigor del Reglamento (UE) 2016\/679 del Parlamento Europeo y el Consejo de 27 de abril de 2016 relativo a la Protecci\u00f3n de las Personas F\u00edsicas respecto al tratamiento de datos personales y a la libre circulaci\u00f3n de datos y la Ley Org\u00e1nica 15\/1999 de Protecci\u00f3n de Datos de Car\u00e1cter Personal, para [&hellip;]\" \/>\n<meta property=\"og:url\" content=\"https:\/\/angrup.com\/es\/politica-de-privacidad\/\" \/>\n<meta property=\"og:site_name\" content=\"ANGrup Restaurants\" \/>\n<meta name=\"twitter:card\" content=\"summary_large_image\" \/>\n<meta name=\"twitter:label1\" content=\"Tiempo de lectura\" \/>\n\t<meta name=\"twitter:data1\" content=\"2 minutos\" \/>\n<script type=\"application\/ld+json\" class=\"yoast-schema-graph\">{\"@context\":\"https:\/\/schema.org\",\"@graph\":[{\"@type\":\"WebPage\",\"@id\":\"https:\/\/angrup.com\/es\/politica-de-privacidad\/\",\"url\":\"https:\/\/angrup.com\/es\/politica-de-privacidad\/\",\"name\":\"Pol\u00edtica de privacidad | ANGrup Restaurants\",\"isPartOf\":{\"@id\":\"https:\/\/angrup.com\/es\/#website\"},\"datePublished\":\"2019-06-18T08:11:03+00:00\",\"breadcrumb\":{\"@id\":\"https:\/\/angrup.com\/es\/politica-de-privacidad\/#breadcrumb\"},\"inLanguage\":\"es\",\"potentialAction\":[{\"@type\":\"ReadAction\",\"target\":[\"https:\/\/angrup.com\/es\/politica-de-privacidad\/\"]}]},{\"@type\":\"BreadcrumbList\",\"@id\":\"https:\/\/angrup.com\/es\/politica-de-privacidad\/#breadcrumb\",\"itemListElement\":[{\"@type\":\"ListItem\",\"position\":1,\"name\":\"Portada\",\"item\":\"https:\/\/angrup.com\/es\/\"},{\"@type\":\"ListItem\",\"position\":2,\"name\":\"Pol\u00edtica de privacidad\"}]},{\"@type\":\"WebSite\",\"@id\":\"https:\/\/angrup.com\/es\/#website\",\"url\":\"https:\/\/angrup.com\/es\/\",\"name\":\"ANGrup Restaurants\",\"description\":\"Just another WordPress site\",\"publisher\":{\"@id\":\"https:\/\/angrup.com\/es\/#organization\"},\"potentialAction\":[{\"@type\":\"SearchAction\",\"target\":{\"@type\":\"EntryPoint\",\"urlTemplate\":\"https:\/\/angrup.com\/es\/?s={search_term_string}\"},\"query-input\":{\"@type\":\"PropertyValueSpecification\",\"valueRequired\":true,\"valueName\":\"search_term_string\"}}],\"inLanguage\":\"es\"},{\"@type\":\"Organization\",\"@id\":\"https:\/\/angrup.com\/es\/#organization\",\"name\":\"ANGrup Restaurants\",\"url\":\"https:\/\/angrup.com\/es\/\",\"logo\":{\"@type\":\"ImageObject\",\"inLanguage\":\"es\",\"@id\":\"https:\/\/angrup.com\/es\/#\/schema\/logo\/image\/\",\"url\":\"https:\/\/angrup.com\/custom\/uploads\/2019\/12\/logo.png\",\"contentUrl\":\"https:\/\/angrup.com\/custom\/uploads\/2019\/12\/logo.png\",\"width\":500,\"height\":296,\"caption\":\"ANGrup Restaurants\"},\"image\":{\"@id\":\"https:\/\/angrup.com\/es\/#\/schema\/logo\/image\/\"}}]}<\/script>\n<!-- \/ Yoast SEO plugin. -->","yoast_head_json":{"title":"Pol\u00edtica de privacidad | ANGrup Restaurants","robots":{"index":"index","follow":"follow","max-snippet":"max-snippet:-1","max-image-preview":"max-image-preview:large","max-video-preview":"max-video-preview:-1"},"canonical":"https:\/\/angrup.com\/es\/politica-de-privacidad\/","og_locale":"es_ES","og_type":"article","og_title":"Pol\u00edtica de privacidad | ANGrup Restaurants","og_description":"Ante la entrada en vigor del Reglamento (UE) 2016\/679 del Parlamento Europeo y el Consejo de 27 de abril de 2016 relativo a la Protecci\u00f3n de las Personas F\u00edsicas respecto al tratamiento de datos personales y a la libre circulaci\u00f3n de datos y la Ley Org\u00e1nica 15\/1999 de Protecci\u00f3n de Datos de Car\u00e1cter Personal, para [&hellip;]","og_url":"https:\/\/angrup.com\/es\/politica-de-privacidad\/","og_site_name":"ANGrup Restaurants","twitter_card":"summary_large_image","twitter_misc":{"Tiempo de lectura":"2 minutos"},"schema":{"@context":"https:\/\/schema.org","@graph":[{"@type":"WebPage","@id":"https:\/\/angrup.com\/es\/politica-de-privacidad\/","url":"https:\/\/angrup.com\/es\/politica-de-privacidad\/","name":"Pol\u00edtica de privacidad | ANGrup Restaurants","isPartOf":{"@id":"https:\/\/angrup.com\/es\/#website"},"datePublished":"2019-06-18T08:11:03+00:00","breadcrumb":{"@id":"https:\/\/angrup.com\/es\/politica-de-privacidad\/#breadcrumb"},"inLanguage":"es","potentialAction":[{"@type":"ReadAction","target":["https:\/\/angrup.com\/es\/politica-de-privacidad\/"]}]},{"@type":"BreadcrumbList","@id":"https:\/\/angrup.com\/es\/politica-de-privacidad\/#breadcrumb","itemListElement":[{"@type":"ListItem","position":1,"name":"Portada","item":"https:\/\/angrup.com\/es\/"},{"@type":"ListItem","position":2,"name":"Pol\u00edtica de privacidad"}]},{"@type":"WebSite","@id":"https:\/\/angrup.com\/es\/#website","url":"https:\/\/angrup.com\/es\/","name":"ANGrup Restaurants","description":"Just another WordPress site","publisher":{"@id":"https:\/\/angrup.com\/es\/#organization"},"potentialAction":[{"@type":"SearchAction","target":{"@type":"EntryPoint","urlTemplate":"https:\/\/angrup.com\/es\/?s={search_term_string}"},"query-input":{"@type":"PropertyValueSpecification","valueRequired":true,"valueName":"search_term_string"}}],"inLanguage":"es"},{"@type":"Organization","@id":"https:\/\/angrup.com\/es\/#organization","name":"ANGrup Restaurants","url":"https:\/\/angrup.com\/es\/","logo":{"@type":"ImageObject","inLanguage":"es","@id":"https:\/\/angrup.com\/es\/#\/schema\/logo\/image\/","url":"https:\/\/angrup.com\/custom\/uploads\/2019\/12\/logo.png","contentUrl":"https:\/\/angrup.com\/custom\/uploads\/2019\/12\/logo.png","width":500,"height":296,"caption":"ANGrup Restaurants"},"image":{"@id":"https:\/\/angrup.com\/es\/#\/schema\/logo\/image\/"}}]}},"_links":{"self":[{"href":"https:\/\/angrup.com\/es\/wp-json\/wp\/v2\/pages\/264","targetHints":{"allow":["GET"]}}],"collection":[{"href":"https:\/\/angrup.com\/es\/wp-json\/wp\/v2\/pages"}],"about":[{"href":"https:\/\/angrup.com\/es\/wp-json\/wp\/v2\/types\/page"}],"author":[{"embeddable":true,"href":"https:\/\/angrup.com\/es\/wp-json\/wp\/v2\/users\/1"}],"replies":[{"embeddable":true,"href":"https:\/\/angrup.com\/es\/wp-json\/wp\/v2\/comments?post=264"}],"version-history":[{"count":0,"href":"https:\/\/angrup.com\/es\/wp-json\/wp\/v2\/pages\/264\/revisions"}],"wp:attachment":[{"href":"https:\/\/angrup.com\/es\/wp-json\/wp\/v2\/media?parent=264"}],"curies":[{"name":"wp","href":"https:\/\/api.w.org\/{rel}","templated":true}]}}